










































































































































































































































































































































































{"id":58424,"date":"2025-04-05T00:40:13","date_gmt":"2025-04-05T00:40:13","guid":{"rendered":"http:\/\/AdminExcav1445"},"modified":"2025-04-05T00:40:13","modified_gmt":"2025-04-05T00:40:13","slug":"add-report","status":"publish","type":"page","link":"https:\/\/excavations.ie\/ga\/add-report\/","title":{"rendered":"Add Report"},"content":{"rendered":"<p>NOTE\u00a0FOR LICENCE HOLDERS<\/p>\n<p class=\"translation-block\">F\u00e9ach ar \u00e1r dtreoirl\u00ednte maidir le haighneachta\u00ed le do thoil roimh aon tuarasc\u00e1lacha a chur isteach.<\/p>\n<div class=\"translation-block\">I gc\u00e1sanna \u00e1irithe, d\u2019fh\u00e9adfadh sti\u00farth\u00f3ir iarratas a dh\u00e9anamh agus cead\u00fanas a fh\u00e1il le haghaidh tochailte nach dtarla\u00edonn riamh i nd\u00e1ir\u00edre. Sna c\u00e1sanna sin, m\u00e1 chuireann t\u00fa r\u00edomhphost chuig an eagarth\u00f3ir, Isabel Bennett, ag \u00a0<a href=\"mailto:admin@excavations.ie\" target=\"_blank\" rel=\"noopener noreferrer\">admin@excavations.ie<\/a>, le sonra\u00ed (uimhir chead\u00fanais, baile fearainn agus contae) na n-oibreacha n\u00e1r deineadh, d\u00e9anfaidh s\u00ed n\u00f3ta de sin don taifead.<\/div>\n<div><\/div>\n<div><span style=\"font-family: Andalus; font-size: large;\">I gc\u00e1sanna \u00e1irithe, d\u2019fh\u00e9adfadh cead\u00fanas a bheith eisithe i mbliain ar leith (e.g. 2013), agus d\u2019fh\u00e9adfadh obair tarl\u00fa sa bhliain sin, agus ansin ar\u00eds, faoi sh\u00edneadh ar an gcead\u00fanas, sa bhliain 2014 (n\u00f3 blianta ina dhiaidh sin). Go hid\u00e9alach, ba cheart tuarasc\u00e1il don bhliain eisithe (2013) a uasl\u00f3d\u00e1il agus ansin an dara tuarasc\u00e1il, ag glacadh leis go raibh an dara s\u00e9as\u00far ann, a uasl\u00f3d\u00e1il don bhliain d\u00e1r gcionn. Nuair a chuirtear 2 sh\u00e9as\u00far le ch\u00e9ile i dtuairisc amh\u00e1in, f\u00e9adfaidh s\u00e9 mearbhall a chur ar an eagarth\u00f3ir, a iarrann d\u2019fhoighne sna c\u00farsa\u00ed seo!<\/span><\/div>\nUser not logged in. Click <a href='https:\/\/excavations.ie\/wp-login.php?redirect_to=https%3A%2F%2Fexcavations.ie%2Fga%2Fadd-report%2F'><strong>Here<\/strong><\/a> to login.","protected":false},"excerpt":{"rendered":"<p>NOTE\u00a0FOR LICENCE HOLDERS Please consult our submission guidelines before submitting any reports. In some instances, a director might apply for [&hellip;]<\/p>\n","protected":false},"author":17,"featured_media":0,"parent":0,"menu_order":0,"comment_status":"open","ping_status":"open","template":"","meta":{"_monsterinsights_skip_tracking":false,"_monsterinsights_sitenote_active":false,"_monsterinsights_sitenote_note":"","_monsterinsights_sitenote_category":0,"site-sidebar-layout":"default","site-content-layout":"","ast-site-content-layout":"","site-content-style":"default","site-sidebar-style":"default","ast-global-header-display":"","ast-banner-title-visibility":"","ast-main-header-display":"","ast-hfb-above-header-display":"","ast-hfb-below-header-display":"","ast-hfb-mobile-header-display":"","site-post-title":"","ast-breadcrumbs-content":"","ast-featured-img":"","footer-sml-layout":"","ast-disable-related-posts":"","theme-transparent-header-meta":"","adv-header-id-meta":"","stick-header-meta":"","header-above-stick-meta":"","header-main-stick-meta":"","header-below-stick-meta":"","astra-migrate-meta-layouts":"default","ast-page-background-enabled":"default","ast-page-background-meta":{"desktop":{"background-color":"var(--ast-global-color-4)","background-image":"","background-repeat":"repeat","background-position":"center center","background-size":"auto","background-attachment":"scroll","background-type":"","background-media":"","overlay-type":"","overlay-color":"","overlay-opacity":"","overlay-gradient":""},"tablet":{"background-color":"","background-image":"","background-repeat":"repeat","background-position":"center center","background-size":"auto","background-attachment":"scroll","background-type":"","background-media":"","overlay-type":"","overlay-color":"","overlay-opacity":"","overlay-gradient":""},"mobile":{"background-color":"","background-image":"","background-repeat":"repeat","background-position":"center center","background-size":"auto","background-attachment":"scroll","background-type":"","background-media":"","overlay-type":"","overlay-color":"","overlay-opacity":"","overlay-gradient":""}},"ast-content-background-meta":{"desktop":{"background-color":"var(--ast-global-color-5)","background-image":"","background-repeat":"repeat","background-position":"center center","background-size":"auto","background-attachment":"scroll","background-type":"","background-media":"","overlay-type":"","overlay-color":"","overlay-opacity":"","overlay-gradient":""},"tablet":{"background-color":"var(--ast-global-color-5)","background-image":"","background-repeat":"repeat","background-position":"center center","background-size":"auto","background-attachment":"scroll","background-type":"","background-media":"","overlay-type":"","overlay-color":"","overlay-opacity":"","overlay-gradient":""},"mobile":{"background-color":"var(--ast-global-color-5)","background-image":"","background-repeat":"repeat","background-position":"center center","background-size":"auto","background-attachment":"scroll","background-type":"","background-media":"","overlay-type":"","overlay-color":"","overlay-opacity":"","overlay-gradient":""}},"footnotes":""},"class_list":["post-58424","page","type-page","status-publish","hentry"],"aioseo_notices":[],"_links":{"self":[{"href":"https:\/\/excavations.ie\/ga\/wp-json\/wp\/v2\/pages\/58424","targetHints":{"allow":["GET"]}}],"collection":[{"href":"https:\/\/excavations.ie\/ga\/wp-json\/wp\/v2\/pages"}],"about":[{"href":"https:\/\/excavations.ie\/ga\/wp-json\/wp\/v2\/types\/page"}],"author":[{"embeddable":true,"href":"https:\/\/excavations.ie\/ga\/wp-json\/wp\/v2\/users\/17"}],"replies":[{"embeddable":true,"href":"https:\/\/excavations.ie\/ga\/wp-json\/wp\/v2\/comments?post=58424"}],"version-history":[{"count":0,"href":"https:\/\/excavations.ie\/ga\/wp-json\/wp\/v2\/pages\/58424\/revisions"}],"wp:attachment":[{"href":"https:\/\/excavations.ie\/ga\/wp-json\/wp\/v2\/media?parent=58424"}],"curies":[{"name":"wp","href":"https:\/\/api.w.org\/{rel}","templated":true}]}}