










































































































































































































































































































































































{"id":58393,"date":"2025-04-05T00:39:39","date_gmt":"2025-04-05T00:39:39","guid":{"rendered":"http:\/\/3.128.45.232\/submit-reports-2\/"},"modified":"2025-04-05T03:15:58","modified_gmt":"2025-04-05T03:15:58","slug":"submit-report","status":"publish","type":"page","link":"https:\/\/excavations.ie\/ga\/submit-report\/","title":{"rendered":"Cuir Isteach Tuairisc"},"content":{"rendered":"<div data-elementor-type=\"wp-page\" data-elementor-id=\"58393\" class=\"elementor elementor-58393\" data-elementor-post-type=\"page\">\n\t\t\t\t<div class=\"elementor-element elementor-element-4417e2d4 e-flex e-con-boxed e-con e-parent\" data-id=\"4417e2d4\" data-element_type=\"container\" data-e-type=\"container\" data-settings=\"{&quot;background_background&quot;:&quot;classic&quot;}\">\n\t\t\t\t\t<div class=\"e-con-inner\">\n\t\t\t\t<div class=\"elementor-element elementor-element-1b0ec19 elementor-widget elementor-widget-heading\" data-id=\"1b0ec19\" data-element_type=\"widget\" data-e-type=\"widget\" data-widget_type=\"heading.default\">\n\t\t\t\t\t<h1 class=\"elementor-heading-title elementor-size-default\">Cuir Isteach Tuairisc<\/h1>\t\t\t\t<\/div>\n\t\t\t\t\t<\/div>\n\t\t\t\t<\/div>\n\t\t<div class=\"elementor-element elementor-element-35e59376 primary-links elementor-hidden-mobile_extra elementor-hidden-mobile e-flex e-con-boxed e-con e-parent\" data-id=\"35e59376\" data-element_type=\"container\" data-e-type=\"container\">\n\t\t\t\t\t<div class=\"e-con-inner\">\n\t\t\t\t<div class=\"elementor-element elementor-element-7fdaf9b1 elementor-widget elementor-widget-shortcode\" data-id=\"7fdaf9b1\" data-element_type=\"widget\" data-e-type=\"widget\" data-widget_type=\"shortcode.default\">\n\t\t\t\t\t\t\t<div class=\"elementor-shortcode\">User not logged in. Click <a href='https:\/\/excavations.ie\/wp-login.php?redirect_to=https%3A%2F%2Fexcavations.ie%2Fga%2Fsubmit-report%2F'><strong>Here<\/strong><\/a> to login.<\/div>\n\t\t\t\t\t\t<\/div>\n\t\t\t\t\t<\/div>\n\t\t\t\t<\/div>\n\t\t<div class=\"elementor-element elementor-element-4ae0cfe9 elementor-hidden-mobile_extra elementor-hidden-mobile e-flex e-con-boxed e-con e-parent\" data-id=\"4ae0cfe9\" data-element_type=\"container\" data-e-type=\"container\">\n\t\t\t\t\t<div class=\"e-con-inner\">\n\t\t<div class=\"elementor-element elementor-element-762130db e-con-full e-flex e-con e-child\" data-id=\"762130db\" data-element_type=\"container\" data-e-type=\"container\">\n\t\t\t\t<div class=\"elementor-element elementor-element-1f9889f7 mb-p-0 elementor-widget elementor-widget-text-editor\" data-id=\"1f9889f7\" data-element_type=\"widget\" data-e-type=\"widget\" data-widget_type=\"text-editor.default\">\n\t\t\t\t\t\t\t\t\t<p><strong>N\u00d3TA DO SHEALBH\u00d3IR\u00cd CEAD\u00daNAIS<\/strong><\/p>\t\t\t\t\t\t\t\t<\/div>\n\t\t\t\t<\/div>\n\t\t<div class=\"elementor-element elementor-element-291f5d45 e-con-full e-flex e-con e-child\" data-id=\"291f5d45\" data-element_type=\"container\" data-e-type=\"container\">\n\t\t\t\t<div class=\"elementor-element elementor-element-62a915fd mb-p-0 elementor-widget elementor-widget-text-editor\" data-id=\"62a915fd\" data-element_type=\"widget\" data-e-type=\"widget\" data-widget_type=\"text-editor.default\">\n\t\t\t\t\t\t\t\t\t<p class=\"translation-block\">F\u00e9ach ar \u00e1r dtreoirl\u00ednte maidir le haighneachta\u00ed le do thoil roimh aon tuarasc\u00e1lacha a chur isteach.<\/p><p>\u00a0<\/p><p class=\"translation-block\">I gc\u00e1sanna \u00e1irithe, d\u2019fh\u00e9adfadh sti\u00farth\u00f3ir iarratas a dh\u00e9anamh agus cead\u00fanas a fh\u00e1il le haghaidh tochailte nach dtarla\u00edonn riamh i nd\u00e1ir\u00edre. Sna c\u00e1sanna sin, m\u00e1 chuireann t\u00fa r\u00edomhphost chuig an eagarth\u00f3ir, Isabel Bennett, ag \u00a0<a href=\"mailto:admin@excavations.ie\" target=\"_blank\" rel=\"noopener noreferrer\">admin@excavations.ie<\/a>, le sonra\u00ed (uimhir chead\u00fanais, baile fearainn agus contae) na n-oibreacha n\u00e1r deineadh, d\u00e9anfaidh s\u00ed n\u00f3ta de sin don taifead.<\/p><p>\u00a0<\/p><p>I gc\u00e1sanna \u00e1irithe, d\u2019fh\u00e9adfadh cead\u00fanas a bheith eisithe i mbliain ar leith (e.g. 2013), agus d\u2019fh\u00e9adfadh obair tarl\u00fa sa bhliain sin, agus ansin ar\u00eds, faoi sh\u00edneadh ar an gcead\u00fanas, sa bhliain 2014 (n\u00f3 blianta ina dhiaidh sin). Go hid\u00e9alach, ba cheart tuarasc\u00e1il don bhliain eisithe (2013) a uasl\u00f3d\u00e1il agus ansin an dara tuarasc\u00e1il, ag glacadh leis go raibh an dara s\u00e9as\u00far ann, a uasl\u00f3d\u00e1il don bhliain d\u00e1r gcionn. Nuair a chuirtear 2 sh\u00e9as\u00far le ch\u00e9ile i dtuairisc amh\u00e1in, f\u00e9adfaidh s\u00e9 mearbhall a chur ar an eagarth\u00f3ir, a iarrann d\u2019fhoighne sna c\u00farsa\u00ed seo!<\/p>\t\t\t\t\t\t\t\t<\/div>\n\t\t\t\t<\/div>\n\t\t\t\t\t<\/div>\n\t\t\t\t<\/div>\n\t\t<div class=\"elementor-element elementor-element-49330e66 elementor-hidden-widescreen elementor-hidden-desktop elementor-hidden-laptop elementor-hidden-tablet_extra elementor-hidden-tablet e-flex e-con-boxed e-con e-parent\" data-id=\"49330e66\" data-element_type=\"container\" data-e-type=\"container\">\n\t\t\t\t\t<div class=\"e-con-inner\">\n\t\t\t\t<div class=\"elementor-element elementor-element-27b70a40 mb-p-0 elementor-widget elementor-widget-text-editor\" data-id=\"27b70a40\" data-element_type=\"widget\" data-e-type=\"widget\" data-widget_type=\"text-editor.default\">\n\t\t\t\t\t\t\t\t\t<p><strong>N\u00ed m\u00f3r duit a bheith ar r\u00edomhaire deisce n\u00f3 ar r\u00edomhaire gl\u00faine chun tuairisc a chur isteach<\/strong><\/p>\t\t\t\t\t\t\t\t<\/div>\n\t\t\t\t\t<\/div>\n\t\t\t\t<\/div>\n\t\t\t\t<\/div>","protected":false},"excerpt":{"rendered":"<p>Submit Report NOTICE FOR LICENSE HOLDERS Please consult our submission guidelines before submitting any reports. \u00a0 In some instances, a [&hellip;]<\/p>\n","protected":false},"author":17,"featured_media":0,"parent":0,"menu_order":0,"comment_status":"closed","ping_status":"closed","template":"elementor_header_footer","meta":{"_monsterinsights_skip_tracking":false,"_monsterinsights_sitenote_active":false,"_monsterinsights_sitenote_note":"","_monsterinsights_sitenote_category":0,"site-sidebar-layout":"no-sidebar","site-content-layout":"","ast-site-content-layout":"full-width-container","site-content-style":"default","site-sidebar-style":"default","ast-global-header-display":"","ast-banner-title-visibility":"","ast-main-header-display":"","ast-hfb-above-header-display":"","ast-hfb-below-header-display":"","ast-hfb-mobile-header-display":"","site-post-title":"disabled","ast-breadcrumbs-content":"","ast-featured-img":"disabled","footer-sml-layout":"","ast-disable-related-posts":"","theme-transparent-header-meta":"","adv-header-id-meta":"","stick-header-meta":"","header-above-stick-meta":"","header-main-stick-meta":"","header-below-stick-meta":"","astra-migrate-meta-layouts":"default","ast-page-background-enabled":"default","ast-page-background-meta":{"desktop":{"background-color":"var(--ast-global-color-4)","background-image":"","background-repeat":"repeat","background-position":"center center","background-size":"auto","background-attachment":"scroll","background-type":"","background-media":"","overlay-type":"","overlay-color":"","overlay-opacity":"","overlay-gradient":""},"tablet":{"background-color":"","background-image":"","background-repeat":"repeat","background-position":"center center","background-size":"auto","background-attachment":"scroll","background-type":"","background-media":"","overlay-type":"","overlay-color":"","overlay-opacity":"","overlay-gradient":""},"mobile":{"background-color":"","background-image":"","background-repeat":"repeat","background-position":"center center","background-size":"auto","background-attachment":"scroll","background-type":"","background-media":"","overlay-type":"","overlay-color":"","overlay-opacity":"","overlay-gradient":""}},"ast-content-background-meta":{"desktop":{"background-color":"var(--ast-global-color-5)","background-image":"","background-repeat":"repeat","background-position":"center center","background-size":"auto","background-attachment":"scroll","background-type":"","background-media":"","overlay-type":"","overlay-color":"","overlay-opacity":"","overlay-gradient":""},"tablet":{"background-color":"var(--ast-global-color-5)","background-image":"","background-repeat":"repeat","background-position":"center center","background-size":"auto","background-attachment":"scroll","background-type":"","background-media":"","overlay-type":"","overlay-color":"","overlay-opacity":"","overlay-gradient":""},"mobile":{"background-color":"var(--ast-global-color-5)","background-image":"","background-repeat":"repeat","background-position":"center center","background-size":"auto","background-attachment":"scroll","background-type":"","background-media":"","overlay-type":"","overlay-color":"","overlay-opacity":"","overlay-gradient":""}},"footnotes":""},"class_list":["post-58393","page","type-page","status-publish","hentry"],"aioseo_notices":[],"_links":{"self":[{"href":"https:\/\/excavations.ie\/ga\/wp-json\/wp\/v2\/pages\/58393","targetHints":{"allow":["GET"]}}],"collection":[{"href":"https:\/\/excavations.ie\/ga\/wp-json\/wp\/v2\/pages"}],"about":[{"href":"https:\/\/excavations.ie\/ga\/wp-json\/wp\/v2\/types\/page"}],"author":[{"embeddable":true,"href":"https:\/\/excavations.ie\/ga\/wp-json\/wp\/v2\/users\/17"}],"replies":[{"embeddable":true,"href":"https:\/\/excavations.ie\/ga\/wp-json\/wp\/v2\/comments?post=58393"}],"version-history":[{"count":0,"href":"https:\/\/excavations.ie\/ga\/wp-json\/wp\/v2\/pages\/58393\/revisions"}],"wp:attachment":[{"href":"https:\/\/excavations.ie\/ga\/wp-json\/wp\/v2\/media?parent=58393"}],"curies":[{"name":"wp","href":"https:\/\/api.w.org\/{rel}","templated":true}]}}