










































































































































































































































































































































































{"id":58390,"date":"2025-04-05T00:39:38","date_gmt":"2025-04-05T00:39:38","guid":{"rendered":"http:\/\/3.128.45.232\/submission-guidelines\/"},"modified":"2025-05-27T15:13:56","modified_gmt":"2025-05-27T15:13:56","slug":"submission-guidelines","status":"publish","type":"page","link":"https:\/\/excavations.ie\/ga\/submission-guidelines\/","title":{"rendered":"Treoirl\u00ednte Aighneachta"},"content":{"rendered":"<div data-elementor-type=\"wp-page\" data-elementor-id=\"58390\" class=\"elementor elementor-58390\" data-elementor-post-type=\"page\">\n\t\t\t\t<div class=\"elementor-element elementor-element-5f5842cd e-flex e-con-boxed e-con e-parent\" data-id=\"5f5842cd\" data-element_type=\"container\" data-e-type=\"container\" data-settings=\"{&quot;background_background&quot;:&quot;classic&quot;}\">\n\t\t\t\t\t<div class=\"e-con-inner\">\n\t\t\t\t<div class=\"elementor-element elementor-element-4cc0b39 elementor-widget elementor-widget-heading\" data-id=\"4cc0b39\" data-element_type=\"widget\" data-e-type=\"widget\" data-widget_type=\"heading.default\">\n\t\t\t\t\t<h1 class=\"elementor-heading-title elementor-size-default\">Treoirl\u00ednte Aighneachta<\/h1>\t\t\t\t<\/div>\n\t\t\t\t\t<\/div>\n\t\t\t\t<\/div>\n\t\t<div class=\"elementor-element elementor-element-51217dee primary-links e-flex e-con-boxed e-con e-parent\" data-id=\"51217dee\" data-element_type=\"container\" data-e-type=\"container\">\n\t\t\t\t\t<div class=\"e-con-inner\">\n\t\t\t\t<div class=\"elementor-element elementor-element-1630e4db mb-p-0 elementor-widget elementor-widget-text-editor\" data-id=\"1630e4db\" data-element_type=\"widget\" data-e-type=\"widget\" data-widget_type=\"text-editor.default\">\n\t\t\t\t\t\t\t\t\t<p>Chun an tuairisc a chur isteach go leictreonach beidh ort, ar an gc\u00e9ad dul s\u00edos, ainm \u00fas\u00e1ideora agus pasfhocal a bheith agat.<\/p>\t\t\t\t\t\t\t\t<\/div>\n\t\t\t\t<div class=\"elementor-element elementor-element-5b5280be mb-p-0 elementor-widget elementor-widget-text-editor\" data-id=\"5b5280be\" data-element_type=\"widget\" data-e-type=\"widget\" data-widget_type=\"text-editor.default\">\n\t\t\t\t\t\t\t\t\t<p>Seol r\u00edomhphost chuig\u00a0<a href=\"mailto:admin@excavations.ie\" data-wplink-edit=\"true\">admin@excavations.ie<\/a>\u00a0agus cuir d\u2019uimhir tochailte is d\u00e9ana\u00ed ar f\u00e1il d\u00fainn. Cuirfimid d\u2019ainm \u00fas\u00e1ideora agus do phasfhocal amach tr\u00ed r\u00edomhphost.\u00a0<strong>Cinntigh le do thoil go seice\u00e1lann t\u00fa bosca turscair do r\u00edomhphoist<\/strong>\u00a0r\u00edomhphoist mura gcloiseann t\u00fa uainn taobh istigh d\u2019uair n\u00f3 dh\u00f3, \u00f3 tharla go bhf\u00e9adfadh go bhfuil d\u2019ainm \u00fas\u00e1ideora agus do phasfhocal atreoraithe ann ag do chl\u00e1r r\u00edomhphoist.<\/p>\t\t\t\t\t\t\t\t<\/div>\n\t\t\t\t<div class=\"elementor-element elementor-element-3dd03210 mb-p-0 elementor-widget elementor-widget-text-editor\" data-id=\"3dd03210\" data-element_type=\"widget\" data-e-type=\"widget\" data-widget_type=\"text-editor.default\">\n\t\t\t\t\t\t\t\t\t<p>Ar an leathanach baile, log\u00e1il isteach sa rann\u00e1n Cuir Tuairisc Isteach. Cuir isteach d\u2019ainm \u00fas\u00e1ideora agus do phasfhocal agus ansin beidh t\u00fa r\u00e9idh do thuairisc a chur isteach.<\/p>\t\t\t\t\t\t\t\t<\/div>\n\t\t\t\t<div class=\"elementor-element elementor-element-1d9731bb mb-p-0 elementor-widget elementor-widget-text-editor\" data-id=\"1d9731bb\" data-element_type=\"widget\" data-e-type=\"widget\" data-widget_type=\"text-editor.default\">\n\t\t\t\t\t\t\t\t\t<p class=\"translation-block\">1. T\u00e1 an uimhir aitheantais ag an mbarr chun cr\u00edocha riarach\u00e1in agus is f\u00e9idir neamhaird a dh\u00e9anamh de go s\u00e1bh\u00e1ilte!<\/p>\t\t\t\t\t\t\t\t<\/div>\n\t\t\t\t<div class=\"elementor-element elementor-element-1b0db62d mb-p-0 elementor-widget elementor-widget-text-editor\" data-id=\"1b0db62d\" data-element_type=\"widget\" data-e-type=\"widget\" data-widget_type=\"text-editor.default\">\n\t\t\t\t\t\t\t\t\t<p class=\"translation-block\">2. D\u00e1ta ar cr\u00edochna\u00edodh an Tochailt agus Deimhnigh d\u00e1ta cr\u00edochnaithe na tochailte. T\u00e1 f\u00e9ilire anuas ann chun cabhr\u00fa le d\u00e1ta\u00ed.<\/p>\t\t\t\t\t\t\t\t<\/div>\n\t\t\t\t<div class=\"elementor-element elementor-element-1553877a mb-p-0 elementor-widget elementor-widget-text-editor\" data-id=\"1553877a\" data-element_type=\"widget\" data-e-type=\"widget\" data-widget_type=\"text-editor.default\">\n\t\t\t\t\t\t\t\t\t<p class=\"translation-block\">3. T\u00e1 bliain r\u00edth\u00e1bhachtach don tuarasc\u00e1il, agus sin an f\u00e1th go bhfuil an bosca deimhnithe ann. Cinntigh le do thoil go bhfuil an bhliain a iontr\u00e1ladh i gceart. M\u00e1 sh\u00edneann an tochailt isteach an bhliain d\u00e1r gcionn, n\u00f3 m\u00e1 bh\u00edonn an dara s\u00e9as\u00far tochailte ann, go hid\u00e9alach ba cheart tuairisc a uasl\u00f3d\u00e1il don bhliain eisi\u00fana agus an dara tuarasc\u00e1il (ag glacadh leis go raibh an dara s\u00e9as\u00far ann) a uasl\u00f3d\u00e1il don bhliain d\u00e1r gcionn. Nuair a chuirtear 2 sh\u00e9as\u00far le ch\u00e9ile i dtuairisc amh\u00e1in, f\u00e9adfaidh s\u00e9 mearbhall a chur ar an eagarth\u00f3ir, a iarrann d\u2019fhoighne sna c\u00farsa\u00ed seo!<\/p>\t\t\t\t\t\t\t\t<\/div>\n\t\t\t\t<div class=\"elementor-element elementor-element-effff63 mb-p-0 elementor-widget elementor-widget-text-editor\" data-id=\"effff63\" data-element_type=\"widget\" data-e-type=\"widget\" data-widget_type=\"text-editor.default\">\n\t\t\t\t\t\t\t\t\t<p class=\"translation-block\">4. Is f\u00e9idir an contae inar cr\u00edochna\u00edodh an tochailt a roghn\u00fa \u00f3n roghchl\u00e1r anuas.<\/p>\t\t\t\t\t\t\t\t<\/div>\n\t\t\t\t<div class=\"elementor-element elementor-element-3d412ad7 mb-p-0 elementor-widget elementor-widget-text-editor\" data-id=\"3d412ad7\" data-element_type=\"widget\" data-e-type=\"widget\" data-widget_type=\"text-editor.default\">\n\t\t\t\t\t\t\t\t\t<p class=\"translation-block\">5. Ba ch\u00f3ir go gcuirfeadh \u00fadar na tuarasc\u00e1la a n-ainm, agus an cleamhnacht \u00e1bhartha sa bhosca seo, lena n-\u00e1ir\u00edtear cib\u00e9 acu ar cr\u00edochna\u00edodh an tochailt thar ceann cuideachta tr\u00e1cht\u00e1la, institi\u00faid taighde n\u00f3 gn\u00edomhaireacht rialtais (m.sh. D\u2019ainm, Cleamhnacht).<\/p>\t\t\t\t\t\t\t\t<\/div>\n\t\t\t\t<div class=\"elementor-element elementor-element-4441acd5 mb-p-0 elementor-widget elementor-widget-text-editor\" data-id=\"4441acd5\" data-element_type=\"widget\" data-e-type=\"widget\" data-widget_type=\"text-editor.default\">\n\t\t\t\t\t\t\t\t\t<p class=\"translation-block\">6. Tabhair seoladh do chuideachta n\u00f3 do ghn\u00edomhaireacht chleamhnaithe le do thoil.<\/p>\t\t\t\t\t\t\t\t<\/div>\n\t\t\t\t<div class=\"elementor-element elementor-element-3a752fbf mb-p-0 elementor-widget elementor-widget-text-editor\" data-id=\"3a752fbf\" data-element_type=\"widget\" data-e-type=\"widget\" data-widget_type=\"text-editor.default\">\n\t\t\t\t\t\t\t\t\t<p class=\"translation-block\">7. Leithdh\u00e1ilfidh an t-eagarth\u00f3ir uimhir an tsu\u00edmh.<\/p>\t\t\t\t\t\t\t\t<\/div>\n\t\t\t\t<div class=\"elementor-element elementor-element-78c2de33 mb-p-0 elementor-widget elementor-widget-text-editor\" data-id=\"78c2de33\" data-element_type=\"widget\" data-e-type=\"widget\" data-widget_type=\"text-editor.default\">\n\t\t\t\t\t\t\t\t\t<p><span data-contrast=\"none\">8.\u00a0<\/span><b><span data-contrast=\"none\">Ainm an tsu\u00edmh<\/span><\/b><span data-contrast=\"none\">. Cuir isteach sonra\u00ed mar a cuireadh isteach le haghaidh iarratas ar chead\u00fanas: ainm an bhaile fearainn a \u00e1ireamh i gc\u00e1s l\u00e1ithre\u00e1n tuaithe n\u00f3 seoladh sr\u00e1ide i gc\u00e1s l\u00e1ithre\u00e1in uirbeach.<\/span><\/p>\t\t\t\t\t\t\t\t<\/div>\n\t\t\t\t<div class=\"elementor-element elementor-element-6a287d7d mb-p-0 elementor-widget elementor-widget-text-editor\" data-id=\"6a287d7d\" data-element_type=\"widget\" data-e-type=\"widget\" data-widget_type=\"text-editor.default\">\n\t\t\t\t\t\t\t\t\t<p><span data-contrast=\"none\">9.\u00a0<\/span><b><span data-contrast=\"none\">Cine\u00e1l su\u00edmh:<\/span><\/b><span data-contrast=\"none\">\u00a0Ba cheart go n-\u00e1ireofa\u00ed anseo cine\u00e1l an l\u00e1ithre\u00e1in, chomh comhsheasmhach agus is f\u00e9idir le tuairisceoir\u00ed a \u00fas\u00e1idtear i bhfoilseach\u00e1in fardail na Roinne, at\u00e1 le f\u00e1il anseo:<\/span><br \/><a href=\"https:\/\/webgis.archaeology.ie\/NationalMonuments\/WebServiceQuery\/Lookup.aspx\" target=\"_blank\" rel=\"noopener\"><span data-contrast=\"none\">https:\/\/webgis.archaeology.ie\/NationalMonuments\/WebServiceQuery\/Lookup.aspx<\/span><\/a><span data-contrast=\"none\">.<\/span><br \/><span data-contrast=\"none\">Bain \u00fas\u00e1id as an bhfr\u00e1sa\u00a0<\/span><b><span data-contrast=\"none\">N\u00edor aims\u00edodh aon seand\u00e1la\u00edocht<\/span><\/b><span data-contrast=\"none\">\u00a0seachas\u00a0<\/span><b><span data-contrast=\"none\">Gan suntas seand\u00e1la\u00edochta.<\/span><\/b><span data-ccp-props=\"{&quot;201341983&quot;:1,&quot;335559739&quot;:160,&quot;335559740&quot;:345}\">\u00a0<\/span><\/p>\t\t\t\t\t\t\t\t<\/div>\n\t\t\t\t<div class=\"elementor-element elementor-element-2d0d0171 mb-p-0 elementor-widget elementor-widget-text-editor\" data-id=\"2d0d0171\" data-element_type=\"widget\" data-e-type=\"widget\" data-widget_type=\"text-editor.default\">\n\t\t\t\t\t\t\t\t\t<p class=\"translation-block\">10. Tr\u00e9imhse\/D\u00e1t\u00fa: Sannann s\u00e9 seo an tr\u00e9imhse\/d\u00e1t\u00fa don su\u00edomh, chomh comhsheasmhach leis na tr\u00e9imhs\u00ed ama sin at\u00e1 liostaithe ag Hannah, et al., 2022. \u00c1ir\u00edtear na d\u00e1ta\u00ed d\u00f3ibh seo tar \u00e9is theideal na Tr\u00e9imhse sa roghchl\u00e1r anuas. <br><br>\nT\u00e1 an t-alt ioml\u00e1n agus d\u00e1ta\u00ed na tr\u00e9imhse le f\u00e1il in Hannah, E. et al., 2022. Project Radiocarbon. Archaeology Ireland, 36, Uimh. 3 (141), pp. 14\u201317.<\/p>\t\t\t\t\t\t\t\t<\/div>\n\t\t\t\t<div class=\"elementor-element elementor-element-70c6cc5b mb-p-0 elementor-widget elementor-widget-text-editor\" data-id=\"70c6cc5b\" data-element_type=\"widget\" data-e-type=\"widget\" data-widget_type=\"text-editor.default\">\n\t\t\t\t\t\t\t\t\t<p class=\"translation-block\">11.\tComhordan\u00e1id\u00ed Eanga\u00ed na h\u00c9ireann\/ Comhordan\u00e1id\u00ed ITM (Oirl\u00edne &amp; Tuaidhl\u00edne)\nBeidh gach comhordan\u00e1id foilsithe anois san fhorm\u00e1id ITM (Irish Transverse Mercator). Ar mhaithe leatsa, is f\u00e9idir tiontaire a \u00fas\u00e1id m\u00e1s mian leat an seanch\u00f3ras tagartha IG n\u00f3 domhanfhad\/domhanleithead a \u00fas\u00e1id <a href=\"https:\/\/gnss.osi.ie\/new-converter\/\" target=\"_blank\" rel=\"noopener\"><span data-contrast=\"none\">https:\/\/gnss.osi.ie\/new-converter\/<\/a>.\nChun m\u00edni\u00fa a fh\u00e1il ar Chomhordan\u00e1id\u00ed ITM f\u00e9ach ar <a href=\"https:\/\/www.osi.ie\/resources\/migrating-to-itm\/\" target=\"_blank\" rel=\"noopener\">http:\/\/www.osi.ie\/services\/gps-services\/migrating-to-itm.aspx<\/a><\/p>\t\t\t\t\t\t\t\t<\/div>\n\t\t\t\t<div class=\"elementor-element elementor-element-35be5bf7 mb-p-0 elementor-widget elementor-widget-text-editor\" data-id=\"35be5bf7\" data-element_type=\"widget\" data-e-type=\"widget\" data-widget_type=\"text-editor.default\">\n\t\t\t\t\t\t\t\t\t<p class=\"translation-block\">12. Uimh. thaifead l\u00e1ithre\u00e1in agus s\u00e9adchomhartha\u00ed: Cuir san \u00e1ireamh m\u00e1s cu\u00ed. Maidir le s\u00e9adchomhartha\u00ed i bPoblacht na h\u00c9ireann, bain \u00fas\u00e1id as an teaghr\u00e1n ioml\u00e1n 13-charachtar don uimhir SMR (m.sh. ME019-045\u2014-).<\/p>\t\t\t\t\t\t\t\t<\/div>\n\t\t\t\t<div class=\"elementor-element elementor-element-35e8a959 mb-p-0 elementor-widget elementor-widget-text-editor\" data-id=\"35e8a959\" data-element_type=\"widget\" data-e-type=\"widget\" data-widget_type=\"text-editor.default\">\n\t\t\t\t\t\t\t\t\t<p class=\"translation-block\">13. Uimhir chead\u00fanais tochailte. Bain \u00fas\u00e1id as an gc\u00f3ras nua 7 ndigit ar do chead\u00fanas le do thoil.<\/p>\t\t\t\t\t\t\t\t<\/div>\n\t\t\t\t<div class=\"elementor-element elementor-element-2c41050c mb-p-0 elementor-widget elementor-widget-text-editor\" data-id=\"2c41050c\" data-element_type=\"widget\" data-e-type=\"widget\" data-widget_type=\"text-editor.default\">\n\t\t\t\t\t\t\t\t\t<p><span data-contrast=\"none\">14.\u00a0<\/span><b><span data-contrast=\"none\">Description<\/span><\/b><br \/><span data-contrast=\"none\">Please aim for about 500 words where possible. If it is not possible to keep to this, do try to be as brief as possible. What is required is a summary of the findings of the excavation.\u00a0 There is no need to include the name of the excavator in the summary, or the company they work for or the licence number.\u00a0 Please do not include future recommendations; that is not required here.\u00a0 Neither is it the function of the site to contain a repeat of any statutory report in all its detail. Please include links for explanatory details like, for instance, geology and relevant associated archaeology.<\/span><\/p>\t\t\t\t\t\t\t\t<\/div>\n\t\t\t\t<div class=\"elementor-element elementor-element-2ab76f4 mb-p-0 elementor-widget elementor-widget-text-editor\" data-id=\"2ab76f4\" data-element_type=\"widget\" data-e-type=\"widget\" data-widget_type=\"text-editor.default\">\n\t\t\t\t\t\t\t\t\t<p><span data-contrast=\"none\">15.\u00a0<\/span><b><span data-contrast=\"none\">Image:<\/span><\/b><span data-contrast=\"none\">\u00a0Please include images to illustrate the site description. A map and one image should suffice. These should be attached to the site description box, at the end of your report. Where possible, provide a caption for the image description (the excavation license number will suffice, e.g. 23E0000). If using more than one image, please refer to the quantity of images in the description and label them accordingly (23E0000.1, 23E0000.2, 23E0000.3 etc).<\/span><\/p><p>16.\u00a0<strong>Edits:<\/strong> After report submission\/publication, should you wish to make an edit, please contact <em>admin@excavations.ie<\/em> with the Report Number and the edits you wish to make. Please highlight any changes that you would like to make in your updated submission.<\/p>\t\t\t\t\t\t\t\t<\/div>\n\t\t\t\t\t<\/div>\n\t\t\t\t<\/div>\n\t\t\t\t<\/div>","protected":false},"excerpt":{"rendered":"<p>Submission Guidelines To submit the report electronically you will need, first of all, to have a username and password. Please [&hellip;]<\/p>\n","protected":false},"author":17,"featured_media":0,"parent":0,"menu_order":0,"comment_status":"closed","ping_status":"closed","template":"elementor_header_footer","meta":{"_monsterinsights_skip_tracking":false,"_monsterinsights_sitenote_active":false,"_monsterinsights_sitenote_note":"","_monsterinsights_sitenote_category":0,"site-sidebar-layout":"no-sidebar","site-content-layout":"","ast-site-content-layout":"full-width-container","site-content-style":"default","site-sidebar-style":"default","ast-global-header-display":"","ast-banner-title-visibility":"","ast-main-header-display":"","ast-hfb-above-header-display":"","ast-hfb-below-header-display":"","ast-hfb-mobile-header-display":"","site-post-title":"disabled","ast-breadcrumbs-content":"","ast-featured-img":"disabled","footer-sml-layout":"","ast-disable-related-posts":"","theme-transparent-header-meta":"","adv-header-id-meta":"","stick-header-meta":"","header-above-stick-meta":"","header-main-stick-meta":"","header-below-stick-meta":"","astra-migrate-meta-layouts":"default","ast-page-background-enabled":"default","ast-page-background-meta":{"desktop":{"background-color":"var(--ast-global-color-4)","background-image":"","background-repeat":"repeat","background-position":"center center","background-size":"auto","background-attachment":"scroll","background-type":"","background-media":"","overlay-type":"","overlay-color":"","overlay-opacity":"","overlay-gradient":""},"tablet":{"background-color":"","background-image":"","background-repeat":"repeat","background-position":"center center","background-size":"auto","background-attachment":"scroll","background-type":"","background-media":"","overlay-type":"","overlay-color":"","overlay-opacity":"","overlay-gradient":""},"mobile":{"background-color":"","background-image":"","background-repeat":"repeat","background-position":"center center","background-size":"auto","background-attachment":"scroll","background-type":"","background-media":"","overlay-type":"","overlay-color":"","overlay-opacity":"","overlay-gradient":""}},"ast-content-background-meta":{"desktop":{"background-color":"var(--ast-global-color-5)","background-image":"","background-repeat":"repeat","background-position":"center center","background-size":"auto","background-attachment":"scroll","background-type":"","background-media":"","overlay-type":"","overlay-color":"","overlay-opacity":"","overlay-gradient":""},"tablet":{"background-color":"var(--ast-global-color-5)","background-image":"","background-repeat":"repeat","background-position":"center center","background-size":"auto","background-attachment":"scroll","background-type":"","background-media":"","overlay-type":"","overlay-color":"","overlay-opacity":"","overlay-gradient":""},"mobile":{"background-color":"var(--ast-global-color-5)","background-image":"","background-repeat":"repeat","background-position":"center center","background-size":"auto","background-attachment":"scroll","background-type":"","background-media":"","overlay-type":"","overlay-color":"","overlay-opacity":"","overlay-gradient":""}},"footnotes":""},"class_list":["post-58390","page","type-page","status-publish","hentry"],"aioseo_notices":[],"_links":{"self":[{"href":"https:\/\/excavations.ie\/ga\/wp-json\/wp\/v2\/pages\/58390","targetHints":{"allow":["GET"]}}],"collection":[{"href":"https:\/\/excavations.ie\/ga\/wp-json\/wp\/v2\/pages"}],"about":[{"href":"https:\/\/excavations.ie\/ga\/wp-json\/wp\/v2\/types\/page"}],"author":[{"embeddable":true,"href":"https:\/\/excavations.ie\/ga\/wp-json\/wp\/v2\/users\/17"}],"replies":[{"embeddable":true,"href":"https:\/\/excavations.ie\/ga\/wp-json\/wp\/v2\/comments?post=58390"}],"version-history":[{"count":6,"href":"https:\/\/excavations.ie\/ga\/wp-json\/wp\/v2\/pages\/58390\/revisions"}],"predecessor-version":[{"id":58930,"href":"https:\/\/excavations.ie\/ga\/wp-json\/wp\/v2\/pages\/58390\/revisions\/58930"}],"wp:attachment":[{"href":"https:\/\/excavations.ie\/ga\/wp-json\/wp\/v2\/media?parent=58390"}],"curies":[{"name":"wp","href":"https:\/\/api.w.org\/{rel}","templated":true}]}}