










































































































































































































































































































































































{"id":58381,"date":"2025-04-05T00:39:38","date_gmt":"2025-04-05T00:39:38","guid":{"rendered":"http:\/\/3.128.45.232\/gallery\/"},"modified":"2025-04-05T00:40:17","modified_gmt":"2025-04-05T00:40:17","slug":"gallery","status":"publish","type":"page","link":"https:\/\/excavations.ie\/ga\/gallery\/","title":{"rendered":"Gaileara\u00ed"},"content":{"rendered":"<div data-elementor-type=\"wp-page\" data-elementor-id=\"58381\" class=\"elementor elementor-58381\" data-elementor-post-type=\"page\">\n\t\t\t\t<div class=\"elementor-element elementor-element-63cc1028 e-flex e-con-boxed e-con e-parent\" data-id=\"63cc1028\" data-element_type=\"container\" data-e-type=\"container\" data-settings=\"{&quot;background_background&quot;:&quot;classic&quot;}\">\n\t\t\t\t\t<div class=\"e-con-inner\">\n\t\t\t\t<div class=\"elementor-element elementor-element-b65d03d elementor-widget elementor-widget-heading\" data-id=\"b65d03d\" data-element_type=\"widget\" data-e-type=\"widget\" data-widget_type=\"heading.default\">\n\t\t\t\t\t<h1 class=\"elementor-heading-title elementor-size-default\">Gaileara\u00ed<\/h1>\t\t\t\t<\/div>\n\t\t\t\t\t<\/div>\n\t\t\t\t<\/div>\n\t\t<div class=\"elementor-element elementor-element-5be20663 e-flex e-con-boxed e-con e-parent\" data-id=\"5be20663\" data-element_type=\"container\" data-e-type=\"container\">\n\t\t\t\t\t<div class=\"e-con-inner\">\n\t\t<div class=\"elementor-element elementor-element-20686cd4 e-con-full e-flex e-con e-child\" data-id=\"20686cd4\" data-element_type=\"container\" data-e-type=\"container\">\n\t\t\t\t<div class=\"elementor-element elementor-element-4b4b43b elementor-widget elementor-widget-heading\" data-id=\"4b4b43b\" data-element_type=\"widget\" data-e-type=\"widget\" data-widget_type=\"heading.default\">\n\t\t\t\t\t<h2 class=\"elementor-heading-title elementor-size-default\">Gaileara\u00ed<\/h2>\t\t\t\t<\/div>\n\t\t\t\t<div class=\"elementor-element elementor-element-263b5f74 elementor-widget elementor-widget-shortcode\" data-id=\"263b5f74\" data-element_type=\"widget\" data-e-type=\"widget\" data-widget_type=\"shortcode.default\">\n\t\t\t\t\t<div id=\"reportList\" class=\"clearfix gallery-page\"><ul>\n\t\t\t\t<li class=\"excavation\">\n\t\t\t\t\t<div class=\"reportImgContainer gallery-container\">\n\t\t\t\t\t\t<div class=\"reportDetails gallery\">\n\t\t\t\t\t\t  <img decoding=\"async\" class=\"reportImg\" src=\"https:\/\/excavations.ie\/wp-content\/uploads\/2025\/02\/2023-excavations-Kiltiernan.jpg\">\n\t\t\t\t\t\t\t<a href=\"https:\/\/excavations.ie\/ga\/report\/2023\/Dublin\/0034723\/\">\t\t\n\t\t\t\t\t\t\t  <div class=\"overlay\">\n\t\t\t\t\t\t\t\t<p><span><strong>Site No:<\/strong> 2023:787<\/span><\/p>\n\t\t\t\t\t\t\t\t<p><span>Kiltiernan Domain<\/span><\/p>\n\t\t\t\t\t\t\t\t<p><span><strong>License No:<\/strong> 22E0166<\/span><\/p>\n\t\t\t\t\t\t\t\t<p><span><strong>Site Type:<\/strong> Prehistoric burnt mound, wells and kiln<\/span><\/p>\n\t\t\t\t\t\t\t  <\/div>\n\t\t\t\t\t\t\t<\/a>\n\t\t\t\t\t  <\/div>\n\t\t\t\t\t<\/div>\n\t\t\t\t<\/li>\n\n\n\t\t\t\t<li class=\"excavation\">\n\t\t\t\t\t<div class=\"reportImgContainer gallery-container\">\n\t\t\t\t\t\t<div class=\"reportDetails gallery\">\n\t\t\t\t\t\t  <img decoding=\"async\" class=\"reportImg\" src=\"https:\/\/excavations.ie\/wp-content\/uploads\/2024\/12\/DJI_0453.jpg\">\n\t\t\t\t\t\t\t<a href=\"https:\/\/excavations.ie\/ga\/report\/2024\/Dublin\/0034531\/\">\t\t\n\t\t\t\t\t\t\t  <div class=\"overlay\">\n\t\t\t\t\t\t\t\t<p><span><strong>Site No:<\/strong> 2024:329<\/span><\/p>\n\t\t\t\t\t\t\t\t<p><span>Bennanstown<\/span><\/p>\n\t\t\t\t\t\t\t\t<p><span><strong>License No:<\/strong> 20E0718 Ext<\/span><\/p>\n\t\t\t\t\t\t\t\t<p><span><strong>Site Type:<\/strong> Cremation pits and brick clamp<\/span><\/p>\n\t\t\t\t\t\t\t  <\/div>\n\t\t\t\t\t\t\t<\/a>\n\t\t\t\t\t  <\/div>\n\t\t\t\t\t<\/div>\n\t\t\t\t<\/li>\n\n\n\t\t\t\t<li class=\"excavation\">\n\t\t\t\t\t<div class=\"reportImgContainer gallery-container\">\n\t\t\t\t\t\t<div class=\"reportDetails gallery\">\n\t\t\t\t\t\t  <img decoding=\"async\" class=\"reportImg\" src=\"https:\/\/excavations.ie\/wp-content\/uploads\/2024\/12\/DJI_0453.jpg\">\n\t\t\t\t\t\t\t<a href=\"https:\/\/excavations.ie\/ga\/report\/2024\/Wexford\/0034529\/\">\t\t\n\t\t\t\t\t\t\t  <div class=\"overlay\">\n\t\t\t\t\t\t\t\t<p><span><strong>Site No:<\/strong> 2024:327<\/span><\/p>\n\t\t\t\t\t\t\t\t<p><span>Lake, Bridgetown<\/span><\/p>\n\t\t\t\t\t\t\t\t<p><span><strong>License No:<\/strong> 24E0144<\/span><\/p>\n\t\t\t\t\t\t\t\t<p><span><strong>Site Type:<\/strong> Field boundaries; no archaeology found<\/span><\/p>\n\t\t\t\t\t\t\t  <\/div>\n\t\t\t\t\t\t\t<\/a>\n\t\t\t\t\t  <\/div>\n\t\t\t\t\t<\/div>\n\t\t\t\t<\/li>\n\n\n\t\t\t\t<li class=\"excavation\">\n\t\t\t\t\t<div class=\"reportImgContainer gallery-container\">\n\t\t\t\t\t\t<div class=\"reportDetails gallery\">\n\t\t\t\t\t\t  <img decoding=\"async\" class=\"reportImg\" src=\"https:\/\/excavations.ie\/wp-content\/uploads\/2024\/12\/Shankill-ground-floor-plan-unlabeled.jpg\">\n\t\t\t\t\t\t\t<a href=\"https:\/\/excavations.ie\/ga\/report\/2024\/Dublin\/0034521\/\">\t\t\n\t\t\t\t\t\t\t  <div class=\"overlay\">\n\t\t\t\t\t\t\t\t<p><span><strong>Site No:<\/strong> 2024:322<\/span><\/p>\n\t\t\t\t\t\t\t\t<p><span>Shankill Castle, Ferndale Road, Shankill<\/span><\/p>\n\t\t\t\t\t\t\t\t<p><span><strong>License No:<\/strong> 24E0810<\/span><\/p>\n\t\t\t\t\t\t\t\t<p><span><strong>Site Type:<\/strong> Castle<\/span><\/p>\n\t\t\t\t\t\t\t  <\/div>\n\t\t\t\t\t\t\t<\/a>\n\t\t\t\t\t  <\/div>\n\t\t\t\t\t<\/div>\n\t\t\t\t<\/li>\n\n\n\t\t\t\t<li class=\"excavation\">\n\t\t\t\t\t<div class=\"reportImgContainer gallery-container\">\n\t\t\t\t\t\t<div class=\"reportDetails gallery\">\n\t\t\t\t\t\t  <img decoding=\"async\" class=\"reportImg\" src=\"https:\/\/excavations.ie\/wp-content\/uploads\/2024\/01\/Photo-and-drawing-of-pot.jpg\">\n\t\t\t\t\t\t\t<a href=\"https:\/\/excavations.ie\/ga\/report\/2022\/Waterford\/0033351\/\">\t\t\n\t\t\t\t\t\t\t  <div class=\"overlay\">\n\t\t\t\t\t\t\t\t<p><span><strong>Site No:<\/strong> 2022:791<\/span><\/p>\n\t\t\t\t\t\t\t\t<p><span>RATHNASKILLOGE, Stradbally<\/span><\/p>\n\t\t\t\t\t\t\t\t<p><span><strong>License No:<\/strong> 22E0305 Ext<\/span><\/p>\n\t\t\t\t\t\t\t\t<p><span><strong>Site Type:<\/strong> Excavation - miscellaneous<\/span><\/p>\n\t\t\t\t\t\t\t  <\/div>\n\t\t\t\t\t\t\t<\/a>\n\t\t\t\t\t  <\/div>\n\t\t\t\t\t<\/div>\n\t\t\t\t<\/li>\n\n\n\t\t\t\t<li class=\"excavation\">\n\t\t\t\t\t<div class=\"reportImgContainer gallery-container\">\n\t\t\t\t\t\t<div class=\"reportDetails gallery\">\n\t\t\t\t\t\t  <img decoding=\"async\" class=\"reportImg\" src=\"https:\/\/excavations.ie\/wp-content\/uploads\/2023\/11\/Foynes.jpg\">\n\t\t\t\t\t\t\t<a href=\"https:\/\/excavations.ie\/ga\/report\/2023\/Limerick\/0033112\/\">\t\t\n\t\t\t\t\t\t\t  <div class=\"overlay\">\n\t\t\t\t\t\t\t\t<p><span><strong>Site No:<\/strong> 2023:259<\/span><\/p>\n\t\t\t\t\t\t\t\t<p><span>Knocknabooly East, Ballynash (Bishop), Foynes<\/span><\/p>\n\t\t\t\t\t\t\t\t<p><span><strong>License No:<\/strong> 23E0406<\/span><\/p>\n\t\t\t\t\t\t\t\t<p><span><strong>Site Type:<\/strong> N\u00edor aims\u00edodh aon seand\u00e1la\u00edocht<\/span><\/p>\n\t\t\t\t\t\t\t  <\/div>\n\t\t\t\t\t\t\t<\/a>\n\t\t\t\t\t  <\/div>\n\t\t\t\t\t<\/div>\n\t\t\t\t<\/li>\n\n\n\t\t\t\t<li class=\"excavation\">\n\t\t\t\t\t<div class=\"reportImgContainer gallery-container\">\n\t\t\t\t\t\t<div class=\"reportDetails gallery\">\n\t\t\t\t\t\t  <img decoding=\"async\" class=\"reportImg\" src=\"https:\/\/excavations.ie\/wp-content\/uploads\/2023\/11\/Magheross.jpg\">\n\t\t\t\t\t\t\t<a href=\"https:\/\/excavations.ie\/ga\/report\/2023\/Monaghan\/0033111\/\">\t\t\n\t\t\t\t\t\t\t  <div class=\"overlay\">\n\t\t\t\t\t\t\t\t<p><span><strong>Site No:<\/strong> 2023:258<\/span><\/p>\n\t\t\t\t\t\t\t\t<p><span>Magheross, Ardee Road, Carrickmacross<\/span><\/p>\n\t\t\t\t\t\t\t\t<p><span><strong>License No:<\/strong> 23E0657<\/span><\/p>\n\t\t\t\t\t\t\t\t<p><span><strong>Site Type:<\/strong> Linear features and pits<\/span><\/p>\n\t\t\t\t\t\t\t  <\/div>\n\t\t\t\t\t\t\t<\/a>\n\t\t\t\t\t  <\/div>\n\t\t\t\t\t<\/div>\n\t\t\t\t<\/li>\n\n\n\t\t\t\t<li class=\"excavation\">\n\t\t\t\t\t<div class=\"reportImgContainer gallery-container\">\n\t\t\t\t\t\t<div class=\"reportDetails gallery\">\n\t\t\t\t\t\t  <img decoding=\"async\" class=\"reportImg\" src=\"https:\/\/excavations.ie\/wp-content\/uploads\/2023\/11\/Tullamore.jpg\">\n\t\t\t\t\t\t\t<a href=\"https:\/\/excavations.ie\/ga\/report\/2023\/Offaly\/0033110\/\">\t\t\n\t\t\t\t\t\t\t  <div class=\"overlay\">\n\t\t\t\t\t\t\t\t<p><span><strong>Site No:<\/strong> 2023:257<\/span><\/p>\n\t\t\t\t\t\t\t\t<p><span>Ballyduff, Tullamore<\/span><\/p>\n\t\t\t\t\t\t\t\t<p><span><strong>License No:<\/strong> 23E0182<\/span><\/p>\n\t\t\t\t\t\t\t\t<p><span><strong>Site Type:<\/strong> N\u00edor aims\u00edodh aon seand\u00e1la\u00edocht<\/span><\/p>\n\t\t\t\t\t\t\t  <\/div>\n\t\t\t\t\t\t\t<\/a>\n\t\t\t\t\t  <\/div>\n\t\t\t\t\t<\/div>\n\t\t\t\t<\/li>\n\n\n\t\t\t\t<li class=\"excavation\">\n\t\t\t\t\t<div class=\"reportImgContainer gallery-container\">\n\t\t\t\t\t\t<div class=\"reportDetails gallery\">\n\t\t\t\t\t\t  <img decoding=\"async\" class=\"reportImg\" src=\"https:\/\/excavations.ie\/wp-content\/uploads\/2023\/11\/Hebron-House.jpg\">\n\t\t\t\t\t\t\t<a href=\"https:\/\/excavations.ie\/ga\/report\/2023\/Kilkenny\/0033105\/\">\t\t\n\t\t\t\t\t\t\t  <div class=\"overlay\">\n\t\t\t\t\t\t\t\t<p><span><strong>Site No:<\/strong> 2023:252<\/span><\/p>\n\t\t\t\t\t\t\t\t<p><span>Hebron House, Blanchfieldsland<\/span><\/p>\n\t\t\t\t\t\t\t\t<p><span><strong>License No:<\/strong> 23E0802<\/span><\/p>\n\t\t\t\t\t\t\t\t<p><span><strong>Site Type:<\/strong> Protected structure<\/span><\/p>\n\t\t\t\t\t\t\t  <\/div>\n\t\t\t\t\t\t\t<\/a>\n\t\t\t\t\t  <\/div>\n\t\t\t\t\t<\/div>\n\t\t\t\t<\/li>\n\n\n\t\t\t\t<li class=\"excavation\">\n\t\t\t\t\t<div class=\"reportImgContainer gallery-container\">\n\t\t\t\t\t\t<div class=\"reportDetails gallery\">\n\t\t\t\t\t\t  <img decoding=\"async\" class=\"reportImg\" src=\"https:\/\/excavations.ie\/wp-content\/uploads\/2023\/06\/IMG_0001ed.jpg\">\n\t\t\t\t\t\t\t<a href=\"https:\/\/excavations.ie\/ga\/report\/2020\/Roscommon\/0032818\/\">\t\t\n\t\t\t\t\t\t\t  <div class=\"overlay\">\n\t\t\t\t\t\t\t\t<p><span><strong>Site No:<\/strong> 2020:739<\/span><\/p>\n\t\t\t\t\t\t\t\t<p><span>Corskeagh 1<\/span><\/p>\n\t\t\t\t\t\t\t\t<p><span><strong>License No:<\/strong> A077; E5185<\/span><\/p>\n\t\t\t\t\t\t\t\t<p><span><strong>Site Type:<\/strong> Burnt spread<\/span><\/p>\n\t\t\t\t\t\t\t  <\/div>\n\t\t\t\t\t\t\t<\/a>\n\t\t\t\t\t  <\/div>\n\t\t\t\t\t<\/div>\n\t\t\t\t<\/li>\n\n\n\t\t\t\t<li class=\"excavation\">\n\t\t\t\t\t<div class=\"reportImgContainer gallery-container\">\n\t\t\t\t\t\t<div class=\"reportDetails gallery\">\n\t\t\t\t\t\t  <img decoding=\"async\" class=\"reportImg\" src=\"https:\/\/excavations.ie\/wp-content\/uploads\/2023\/01\/MetroLink.jpg\">\n\t\t\t\t\t\t\t<a href=\"https:\/\/excavations.ie\/ga\/report\/2021\/Dublin\/0032312\/\">\t\t\n\t\t\t\t\t\t\t  <div class=\"overlay\">\n\t\t\t\t\t\t\t\t<p><span><strong>Site No:<\/strong> 2021:627<\/span><\/p>\n\t\t\t\t\t\t\t\t<p><span>METROLINK (PHASE 5); Dunlin County: Lissenhall Little\/Cloghran\/Ballystraun\/Dublin Airport\/Ballymun\/Santry Demesne\/Dublin CIty<\/span><\/p>\n\t\t\t\t\t\t\t\t<p><span><strong>License No:<\/strong> 19E0152<\/span><\/p>\n\t\t\t\t\t\t\t\t<p><span><strong>Site Type:<\/strong> Historic town<\/span><\/p>\n\t\t\t\t\t\t\t  <\/div>\n\t\t\t\t\t\t\t<\/a>\n\t\t\t\t\t  <\/div>\n\t\t\t\t\t<\/div>\n\t\t\t\t<\/li>\n\n\n\t\t\t\t<li class=\"excavation\">\n\t\t\t\t\t<div class=\"reportImgContainer gallery-container\">\n\t\t\t\t\t\t<div class=\"reportDetails gallery\">\n\t\t\t\t\t\t  <img decoding=\"async\" class=\"reportImg\" src=\"https:\/\/excavations.ie\/wp-content\/uploads\/2022\/12\/Swords-2.png\">\n\t\t\t\t\t\t\t<a href=\"https:\/\/excavations.ie\/ga\/report\/2022\/Dublin\/0031858\/\">\t\t\n\t\t\t\t\t\t\t  <div class=\"overlay\">\n\t\t\t\t\t\t\t\t<p><span><strong>Site No:<\/strong> 2022:337<\/span><\/p>\n\t\t\t\t\t\t\t\t<p><span>Swords Cultural Quarter, Townparks, Swords<\/span><\/p>\n\t\t\t\t\t\t\t\t<p><span><strong>License No:<\/strong> 22E0038<\/span><\/p>\n\t\t\t\t\t\t\t\t<p><span><strong>Site Type:<\/strong> Medieval<\/span><\/p>\n\t\t\t\t\t\t\t  <\/div>\n\t\t\t\t\t\t\t<\/a>\n\t\t\t\t\t  <\/div>\n\t\t\t\t\t<\/div>\n\t\t\t\t<\/li>\n\n\n\t\t\t\t<li class=\"excavation\">\n\t\t\t\t\t<div class=\"reportImgContainer gallery-container\">\n\t\t\t\t\t\t<div class=\"reportDetails gallery\">\n\t\t\t\t\t\t  <img decoding=\"async\" class=\"reportImg\" src=\"https:\/\/excavations.ie\/wp-content\/uploads\/2022\/12\/Keelings-2.png\">\n\t\t\t\t\t\t\t<a href=\"https:\/\/excavations.ie\/ga\/report\/2022\/Dublin\/0031856\/\">\t\t\n\t\t\t\t\t\t\t  <div class=\"overlay\">\n\t\t\t\t\t\t\t\t<p><span><strong>Site No:<\/strong> 2022:335<\/span><\/p>\n\t\t\t\t\t\t\t\t<p><span>Food Central, Barberstown, St. Margaret's<\/span><\/p>\n\t\t\t\t\t\t\t\t<p><span><strong>License No:<\/strong> 22E0008 & 22E0008 ext.<\/span><\/p>\n\t\t\t\t\t\t\t\t<p><span><strong>Site Type:<\/strong> Fulacht fiadh<\/span><\/p>\n\t\t\t\t\t\t\t  <\/div>\n\t\t\t\t\t\t\t<\/a>\n\t\t\t\t\t  <\/div>\n\t\t\t\t\t<\/div>\n\t\t\t\t<\/li>\n\n\n\t\t\t\t<li class=\"excavation\">\n\t\t\t\t\t<div class=\"reportImgContainer gallery-container\">\n\t\t\t\t\t\t<div class=\"reportDetails gallery\">\n\t\t\t\t\t\t  <img decoding=\"async\" class=\"reportImg\" src=\"https:\/\/excavations.ie\/wp-content\/uploads\/2022\/12\/Screenshot-2022-11-30-153145.jpg\">\n\t\t\t\t\t\t\t<a href=\"https:\/\/excavations.ie\/ga\/report\/2021\/Wicklow\/0031769\/\">\t\t\n\t\t\t\t\t\t\t  <div class=\"overlay\">\n\t\t\t\t\t\t\t\t<p><span><strong>Site No:<\/strong> 2021:564<\/span><\/p>\n\t\t\t\t\t\t\t\t<p><span>COOLAGAD, Greystones<\/span><\/p>\n\t\t\t\t\t\t\t\t<p><span><strong>License No:<\/strong> 21E0083<\/span><\/p>\n\t\t\t\t\t\t\t\t<p><span><strong>Site Type:<\/strong> Excavation - miscellaneous<\/span><\/p>\n\t\t\t\t\t\t\t  <\/div>\n\t\t\t\t\t\t\t<\/a>\n\t\t\t\t\t  <\/div>\n\t\t\t\t\t<\/div>\n\t\t\t\t<\/li>\n\n\n\t\t\t\t<li class=\"excavation\">\n\t\t\t\t\t<div class=\"reportImgContainer gallery-container\">\n\t\t\t\t\t\t<div class=\"reportDetails gallery\">\n\t\t\t\t\t\t  <img decoding=\"async\" class=\"reportImg\" src=\"https:\/\/excavations.ie\/wp-content\/uploads\/2022\/10\/Sheastown-22E0495.bmp\">\n\t\t\t\t\t\t\t<a href=\"https:\/\/excavations.ie\/ga\/report\/2022\/Kilkenny\/0031715j\/\">\t\t\n\t\t\t\t\t\t\t  <div class=\"overlay\">\n\t\t\t\t\t\t\t\t<p><span><strong>Site No:<\/strong> 2022:227<\/span><\/p>\n\t\t\t\t\t\t\t\t<p><span>Sheastown<\/span><\/p>\n\t\t\t\t\t\t\t\t<p><span><strong>License No:<\/strong> 22E0495<\/span><\/p>\n\t\t\t\t\t\t\t\t<p><span><strong>Site Type:<\/strong> N\u00edor aims\u00edodh aon seand\u00e1la\u00edocht<\/span><\/p>\n\t\t\t\t\t\t\t  <\/div>\n\t\t\t\t\t\t\t<\/a>\n\t\t\t\t\t  <\/div>\n\t\t\t\t\t<\/div>\n\t\t\t\t<\/li>\n\n\n\t\t\t\t<li class=\"excavation\">\n\t\t\t\t\t<div class=\"reportImgContainer gallery-container\">\n\t\t\t\t\t\t<div class=\"reportDetails gallery\">\n\t\t\t\t\t\t  <img decoding=\"async\" class=\"reportImg\" src=\"https:\/\/excavations.ie\/wp-content\/uploads\/2022\/08\/Presentation1-1.jpg\">\n\t\t\t\t\t\t\t<a href=\"https:\/\/excavations.ie\/ga\/report\/2016\/Meath\/0031632\/\">\t\t\n\t\t\t\t\t\t\t  <div class=\"overlay\">\n\t\t\t\t\t\t\t\t<p><span><strong>Site No:<\/strong> 2016<\/span><\/p>\n\t\t\t\t\t\t\t\t<p><span>L1607 Road improvements inside the Core Area to the Br\u00fa na B\u00f3inne UNESCO World Heritage Site in MAY 2016<\/span><\/p>\n\t\t\t\t\t\t\t\t<p><span><strong>License No:<\/strong> Unlicensed<\/span><\/p>\n\t\t\t\t\t\t\t\t<p><span><strong>Site Type:<\/strong> Monitoring<\/span><\/p>\n\t\t\t\t\t\t\t  <\/div>\n\t\t\t\t\t\t\t<\/a>\n\t\t\t\t\t  <\/div>\n\t\t\t\t\t<\/div>\n\t\t\t\t<\/li>\n\n<\/ul><\/div><div class=\"clearfix\"><\/div><nav class='custom-pagination'><span class='post-numbers post-num'>Showing <strong>1&mdash;16<\/strong> of <strong>228<\/strong> results<\/span><div class='float-right'><span class='page-numbers page-num'>Page 1 of 14<\/span> <span aria-current=\"page\" class=\"page-numbers current\">1<\/span>\n<a class=\"page-numbers\" href=\"https:\/\/excavations.ie\/ga\/wp-json\/wp\/v2\/pages\/58381\/page\/2\/\">2<\/a>\n<a class=\"page-numbers\" href=\"https:\/\/excavations.ie\/ga\/wp-json\/wp\/v2\/pages\/58381\/page\/3\/\">3<\/a>\n<span class=\"page-numbers dots\">&hellip;<\/span>\n<a class=\"page-numbers\" href=\"https:\/\/excavations.ie\/ga\/wp-json\/wp\/v2\/pages\/58381\/page\/14\/\">14<\/a>\n<a class=\"next page-numbers\" href=\"https:\/\/excavations.ie\/ga\/wp-json\/wp\/v2\/pages\/58381\/page\/2\/\">&raquo;<\/a><\/div><\/nav>\t\t<div class=\"elementor-shortcode\"><\/div>\n\t\t\t\t\t\t<\/div>\n\t\t\t\t<\/div>\n\t\t\t\t\t<\/div>\n\t\t\t\t<\/div>\n\t\t\t\t<\/div>","protected":false},"excerpt":{"rendered":"<p>Gallery Gallery<\/p>","protected":false},"author":17,"featured_media":0,"parent":0,"menu_order":0,"comment_status":"closed","ping_status":"closed","template":"","meta":{"_monsterinsights_skip_tracking":false,"_monsterinsights_sitenote_active":false,"_monsterinsights_sitenote_note":"","_monsterinsights_sitenote_category":0,"site-sidebar-layout":"no-sidebar","site-content-layout":"","ast-site-content-layout":"full-width-container","site-content-style":"default","site-sidebar-style":"default","ast-global-header-display":"","ast-banner-title-visibility":"","ast-main-header-display":"","ast-hfb-above-header-display":"","ast-hfb-below-header-display":"","ast-hfb-mobile-header-display":"","site-post-title":"disabled","ast-breadcrumbs-content":"","ast-featured-img":"disabled","footer-sml-layout":"","ast-disable-related-posts":"","theme-transparent-header-meta":"","adv-header-id-meta":"","stick-header-meta":"","header-above-stick-meta":"","header-main-stick-meta":"","header-below-stick-meta":"","astra-migrate-meta-layouts":"default","ast-page-background-enabled":"default","ast-page-background-meta":{"desktop":{"background-color":"var(--ast-global-color-4)","background-image":"","background-repeat":"repeat","background-position":"center center","background-size":"auto","background-attachment":"scroll","background-type":"","background-media":"","overlay-type":"","overlay-color":"","overlay-opacity":"","overlay-gradient":""},"tablet":{"background-color":"","background-image":"","background-repeat":"repeat","background-position":"center center","background-size":"auto","background-attachment":"scroll","background-type":"","background-media":"","overlay-type":"","overlay-color":"","overlay-opacity":"","overlay-gradient":""},"mobile":{"background-color":"","background-image":"","background-repeat":"repeat","background-position":"center center","background-size":"auto","background-attachment":"scroll","background-type":"","background-media":"","overlay-type":"","overlay-color":"","overlay-opacity":"","overlay-gradient":""}},"ast-content-background-meta":{"desktop":{"background-color":"var(--ast-global-color-5)","background-image":"","background-repeat":"repeat","background-position":"center center","background-size":"auto","background-attachment":"scroll","background-type":"","background-media":"","overlay-type":"","overlay-color":"","overlay-opacity":"","overlay-gradient":""},"tablet":{"background-color":"var(--ast-global-color-5)","background-image":"","background-repeat":"repeat","background-position":"center center","background-size":"auto","background-attachment":"scroll","background-type":"","background-media":"","overlay-type":"","overlay-color":"","overlay-opacity":"","overlay-gradient":""},"mobile":{"background-color":"var(--ast-global-color-5)","background-image":"","background-repeat":"repeat","background-position":"center center","background-size":"auto","background-attachment":"scroll","background-type":"","background-media":"","overlay-type":"","overlay-color":"","overlay-opacity":"","overlay-gradient":""}},"footnotes":""},"class_list":["post-58381","page","type-page","status-publish","hentry"],"aioseo_notices":[],"_links":{"self":[{"href":"https:\/\/excavations.ie\/ga\/wp-json\/wp\/v2\/pages\/58381","targetHints":{"allow":["GET"]}}],"collection":[{"href":"https:\/\/excavations.ie\/ga\/wp-json\/wp\/v2\/pages"}],"about":[{"href":"https:\/\/excavations.ie\/ga\/wp-json\/wp\/v2\/types\/page"}],"author":[{"embeddable":true,"href":"https:\/\/excavations.ie\/ga\/wp-json\/wp\/v2\/users\/17"}],"replies":[{"embeddable":true,"href":"https:\/\/excavations.ie\/ga\/wp-json\/wp\/v2\/comments?post=58381"}],"version-history":[{"count":0,"href":"https:\/\/excavations.ie\/ga\/wp-json\/wp\/v2\/pages\/58381\/revisions"}],"wp:attachment":[{"href":"https:\/\/excavations.ie\/ga\/wp-json\/wp\/v2\/media?parent=58381"}],"curies":[{"name":"wp","href":"https:\/\/api.w.org\/{rel}","templated":true}]}}